{"id":820,"date":"2016-06-20T07:48:11","date_gmt":"2016-06-20T05:48:11","guid":{"rendered":"http:\/\/www.stomatoloskaordinacijaosmeh.com\/home\/"},"modified":"2024-09-29T11:55:44","modified_gmt":"2024-09-29T09:55:44","slug":"home","status":"publish","type":"page","link":"https:\/\/www.stomatoloskaordinacijaosmeh.com\/en\/","title":{"rendered":"Home"},"content":{"rendered":"<div class=\"wpb-content-wrapper\"><p>[vc_row wrap_container=&#8221;yes&#8221; el_class=&#8221;home-intro&#8221;][vc_column width=&#8221;3\/4&#8243; css=&#8221;.vc_custom_1727603674036{padding-top: 20px !important;padding-bottom: 20px !important;}&#8221; conditional_render=&#8221;%5B%7B%22value_role%22%3A%22administrator%22%7D%5D&#8221;][vc_column_text css=&#8221;&#8221; text_color=&#8221;#ffffff&#8221; el_class=&#8221;m-b-none&#8221; text_typography=&#8221;{&#8220;family&#8220;:&#8220;Default&#8220;,&#8220;variant&#8220;:&#8220;Default&#8220;,&#8220;font_size&#8220;:&#8220;30&#8220;,&#8220;line_height&#8220;:&#8220;&#8220;,&#8220;letter_spacing&#8220;:&#8220;&#8220;,&#8220;text_transform&#8220;:&#8220;&#8220;}&#8221;]<\/p>\n<p><strong>Stomatolo\u0161ka ordinacija \u201cOsmeh\u201d u Beogradu osnovana je 2003. godine sa idejom stvaranja jednog toplog mesta gde \u0107e se u prijatnoj atmosferi re\u0161avati problemi oralnog zdravlja i stvarati neki novi lepi osmesi.<\/strong><\/p>\n<p><span data-mce-type=\"bookmark\" style=\"display: inline-block; width: 0px; overflow: hidden; line-height: 0;\" class=\"mce_SELRES_start\">\ufeff<\/span>[\/vc_column_text][\/vc_column][vc_column width=&#8221;1\/4&#8243; el_class=&#8221;get-started&#8221;][vc_btn title=&#8221;Pozovite Nas&#8221; size=&#8221;lg&#8221; skin=&#8221;secondary&#8221; link=&#8221;url:tel%3A%2B381113229582|&#8221; el_class=&#8221;m-b-none&#8221;][\/vc_column][\/vc_row][vc_row wrap_container=&#8221;yes&#8221; css=&#8221;.vc_custom_1513381977985{margin-top: 30px !important;}&#8221;][vc_column][vc_column_text]<\/p>\n<h1 style=\"text-align: center;\">Stomatolo\u0161ka ordinacija Osmeh &#8211; Beograd<\/h1>\n<p class=\"Standard\" style=\"text-align: center;\"><span style=\"font-size: 16px;\">Osnovni cilj postojanja na\u0161e <strong>ordinacije<\/strong> je pru\u017eanje kvalitetne usluge iz svih oblasti <strong>stomatologije<\/strong> svim generacijama. Da bismo bili u mogu\u0107nosti da to ostvarimo, na\u0161i lekari kontinuirano pro\u0161iruju svoje znanje i usavr\u0161avaju svoje ve\u0161tine na stru\u010dnim skupovima i kursevima, kako u zemlji tako i inostranstvu. Nas princip rada zasniva se na dugogodisnjoj saradnji i uzajamnom poverenju kako sa saradnicima tako i sa pacijentima.<\/span><\/p>\n<p>[\/vc_column_text][\/vc_column][\/vc_row][vc_row wrap_container=&#8221;yes&#8221; css=&#8221;.vc_custom_1513381977985{margin-top: 30px !important;}&#8221;][vc_column offset=&#8221;vc_hidden-lg&#8221;][vc_column_text]<\/p>\n<p style=\"text-align: center;\"><a href=\"http:\/\/www.stomatoloskaordinacijaosmeh.com\/cenovnik-stomatoloskih-usluga\/\"><span style=\"color: rgb(65, 168, 95); font-size: 24px;\">Cenovnik na&scaron;ih usluga<\/span><\/a><\/p>\n<p>[\/vc_column_text][\/vc_column][\/vc_row][vc_row full_width=&#8221;stretch_row&#8221; wrap_container=&#8221;yes&#8221; bg_type=&#8221;bg_color&#8221; el_class=&#8221;p-b-md&#8221; css=&#8221;.vc_custom_1513445689195{margin-top: 20px !important;padding-top: 20px !important;}&#8221; bg_color_value=&#8221;#f7f7f7&#8243;][vc_column el_class=&#8221;info-box-small-wrap&#8221;][vc_column_text]<\/p>\n<h2 style=\"text-align: center;\">Stomatolo\u0161ke usluge \/ intervencije koje pru\u017eamo u na\u0161oj zubarskoj ordinaciji<\/h2>\n<p>[\/vc_column_text][vc_row_inner animation_type=&#8221;fadeInDown&#8221;][vc_column_inner width=&#8221;1\/4&#8243;][\/vc_column_inner][vc_column_inner width=&#8221;1\/4&#8243;]<div class=\"aio-icon-component    style_2\"><a class=\"aio-icon-box-link\" href=\"http:\/\/www.stomatoloskaordinacijaosmeh.com\/stomatoloske-usluge\/oralna-i-parodontalna-hirurgija\/\" ><div id=\"Info-box-wrap-9575\" class=\"aio-icon-box top-icon\" style=\"\"  ><div class=\"aio-icon-top\"><div class=\"ult-just-icon-wrapper  \"><div class=\"align-icon\" style=\"text-align:center;\">\n<div class=\"aio-icon-img \" style=\"font-size:48px;display:inline-block;\" >\n\t<img decoding=\"async\" class=\"img-icon\" alt=\"null\" src=\"https:\/\/www.stomatoloskaordinacijaosmeh.com\/wp-content\/uploads\/2017\/12\/Tooth-blue-icon.png\"\/>\n<\/div><\/div><\/div><\/div><div class=\"aio-icon-header\" ><h3 class=\"aio-icon-title ult-responsive\"  data-ultimate-target='#Info-box-wrap-9575 .aio-icon-title'  data-responsive-json-new='{\"font-size\":\"\",\"line-height\":\"\"}'  style=\"\">Oralna i parodontalna hirurgija<\/h3><\/div> <!-- header --><div class=\"aio-icon-description ult-responsive\"  data-ultimate-target='#Info-box-wrap-9575 .aio-icon-description'  data-responsive-json-new='{\"font-size\":\"\",\"line-height\":\"\"}'  style=\"\">Sami pomen nephodnosti hirur\u0161ke intervencije izaziva u najmanju ruku neprijatnu &#8230;<\/div> <!-- description --><\/div> <!-- aio-icon-box --><\/a><\/div> <!-- aio-icon-component -->[\/vc_column_inner][vc_column_inner width=&#8221;1\/4&#8243;]<div class=\"aio-icon-component    style_2\"><a class=\"aio-icon-box-link\" href=\"http:\/\/www.stomatoloskaordinacijaosmeh.com\/stomatoloske-usluge\/implantologija\/\" ><div id=\"Info-box-wrap-8039\" class=\"aio-icon-box top-icon\" style=\"\"  ><div class=\"aio-icon-top\"><div class=\"ult-just-icon-wrapper  \"><div class=\"align-icon\" style=\"text-align:center;\">\n<div class=\"aio-icon-img \" style=\"font-size:48px;display:inline-block;\" >\n\t<img decoding=\"async\" class=\"img-icon\" alt=\"null\" src=\"https:\/\/www.stomatoloskaordinacijaosmeh.com\/wp-content\/uploads\/2017\/12\/implantati-ikonica.jpg\"\/>\n<\/div><\/div><\/div><\/div><div class=\"aio-icon-header\" ><h3 class=\"aio-icon-title ult-responsive\"  data-ultimate-target='#Info-box-wrap-8039 .aio-icon-title'  data-responsive-json-new='{\"font-size\":\"\",\"line-height\":\"\"}'  style=\"\">Implantologija<\/h3><\/div> <!-- header --><div class=\"aio-icon-description ult-responsive\"  data-ultimate-target='#Info-box-wrap-8039 .aio-icon-description'  data-responsive-json-new='{\"font-size\":\"\",\"line-height\":\"\"}'  style=\"\">Oralna implantologija je sada\u0161njost I realnost savremene stomatolo\u0161ke prakse&#8230;<\/div> <!-- description --><\/div> <!-- aio-icon-box --><\/a><\/div> <!-- aio-icon-component -->[\/vc_column_inner][vc_column_inner width=&#8221;1\/4&#8243;][\/vc_column_inner][\/vc_row_inner][\/vc_column][\/vc_row][vc_row wrap_container=&#8221;yes&#8221; css=&#8221;.vc_custom_1513446030114{margin-top: 20px !important;}&#8221;][vc_column animation_type=&#8221;fadeInUp&#8221;][vc_row_inner][vc_column_inner width=&#8221;1\/3&#8243; animation_type=&#8221;fadeInLeft&#8221;]<div class=\"aio-icon-component    style_2\"><a class=\"aio-icon-box-link\" href=\"http:\/\/www.stomatoloskaordinacijaosmeh.com\/stomatoloske-usluge\/protetika\/\" ><div id=\"Info-box-wrap-9868\" class=\"aio-icon-box top-icon\" style=\"\"  ><div class=\"aio-icon-top\"><div class=\"ult-just-icon-wrapper  \"><div class=\"align-icon\" style=\"text-align:center;\">\n<div class=\"aio-icon-img \" style=\"font-size:48px;display:inline-block;\" >\n\t<img decoding=\"async\" class=\"img-icon\" alt=\"null\" src=\"https:\/\/www.stomatoloskaordinacijaosmeh.com\/wp-content\/uploads\/2017\/12\/krinica-ikonica.png\"\/>\n<\/div><\/div><\/div><\/div><div class=\"aio-icon-header\" ><h3 class=\"aio-icon-title ult-responsive\"  data-ultimate-target='#Info-box-wrap-9868 .aio-icon-title'  data-responsive-json-new='{\"font-size\":\"\",\"line-height\":\"\"}'  style=\"\">Protetika<\/h3><\/div> <!-- header --><div class=\"aio-icon-description ult-responsive\"  data-ultimate-target='#Info-box-wrap-9868 .aio-icon-description'  data-responsive-json-new='{\"font-size\":\"\",\"line-height\":\"\"}'  style=\"\">Na\u0161 tim protetski zbrinjava pacijente metalokeri\u010dkim, kerami\u010dkim \/ &#8220;bezmetalnim&#8221; krunama&#8230;<\/div> <!-- description --><\/div> <!-- aio-icon-box --><\/a><\/div> <!-- aio-icon-component -->[\/vc_column_inner][vc_column_inner width=&#8221;1\/3&#8243; animation_type=&#8221;fadeInUp&#8221;]<div class=\"aio-icon-component    style_2\"><a class=\"aio-icon-box-link\" href=\"http:\/\/www.stomatoloskaordinacijaosmeh.com\/stomatoloske-usluge\/restaurativna-stomatologija-i-endodoncija\/\" ><div id=\"Info-box-wrap-8736\" class=\"aio-icon-box top-icon\" style=\"\"  ><div class=\"aio-icon-top\"><div class=\"ult-just-icon-wrapper  \"><div class=\"align-icon\" style=\"text-align:center;\">\n<div class=\"aio-icon-img \" style=\"font-size:48px;display:inline-block;\" >\n\t<img decoding=\"async\" class=\"img-icon\" alt=\"null\" src=\"https:\/\/www.stomatoloskaordinacijaosmeh.com\/wp-content\/uploads\/2017\/12\/lecenje-kanala-korena.png\"\/>\n<\/div><\/div><\/div><\/div><div class=\"aio-icon-header\" ><h3 class=\"aio-icon-title ult-responsive\"  data-ultimate-target='#Info-box-wrap-8736 .aio-icon-title'  data-responsive-json-new='{\"font-size\":\"\",\"line-height\":\"\"}'  style=\"\">Restaurativna stomatologija I endodoncija<\/h3><\/div> <!-- header --><div class=\"aio-icon-description ult-responsive\"  data-ultimate-target='#Info-box-wrap-8736 .aio-icon-description'  data-responsive-json-new='{\"font-size\":\"\",\"line-height\":\"\"}'  style=\"\">Le\u010denjem kanala korena zuba sa obolelom \/ inficiranom pulpom I restauracijom zuba&#8230;<\/div> <!-- description --><\/div> <!-- aio-icon-box --><\/a><\/div> <!-- aio-icon-component -->[\/vc_column_inner][vc_column_inner width=&#8221;1\/3&#8243; animation_type=&#8221;fadeInRight&#8221;]<div class=\"aio-icon-component    style_2\"><a class=\"aio-icon-box-link\" href=\"http:\/\/www.stomatoloskaordinacijaosmeh.com\/stomatoloske-usluge\/decja-stomatologija\/\" ><div id=\"Info-box-wrap-3481\" class=\"aio-icon-box top-icon\" style=\"\"  ><div class=\"aio-icon-top\"><div class=\"ult-just-icon-wrapper  \"><div class=\"align-icon\" style=\"text-align:center;\">\n<div class=\"aio-icon-img \" style=\"font-size:48px;display:inline-block;\" >\n\t<img decoding=\"async\" class=\"img-icon\" alt=\"null\" src=\"https:\/\/www.stomatoloskaordinacijaosmeh.com\/wp-content\/uploads\/2017\/12\/decija-stomatologija.png\"\/>\n<\/div><\/div><\/div><\/div><div class=\"aio-icon-header\" ><h3 class=\"aio-icon-title ult-responsive\"  data-ultimate-target='#Info-box-wrap-3481 .aio-icon-title'  data-responsive-json-new='{\"font-size\":\"\",\"line-height\":\"\"}'  style=\"\">De\u010dija stomatologija<\/h3><\/div> <!-- header --><div class=\"aio-icon-description ult-responsive\"  data-ultimate-target='#Info-box-wrap-3481 .aio-icon-description'  data-responsive-json-new='{\"font-size\":\"\",\"line-height\":\"\"}'  style=\"\">U radu sa decom se prvenstveno trudimo da zadobijemo poverenje nasim malih pacijenata&#8230;<\/div> <!-- description --><\/div> <!-- aio-icon-box --><\/a><\/div> <!-- aio-icon-component -->[\/vc_column_inner][\/vc_row_inner][vc_custom_heading text=&#8221;Maksimalna posvecenost i individualan pristup svakom pacijentu je na\u0161 moto.<br \/>\nZaka\u017eite besplatan pregled i dodjite po svoj novi OSMEH!&#8221; font_container=&#8221;tag:h3|font_size:21|text_align:center|line_height:1.5&#8243; use_theme_fonts=&#8221;yes&#8221; skin=&#8221;primary&#8221;][\/vc_column][\/vc_row][vc_row][vc_column]<div class=\"porto-map-section \" style=\"background-image:url(\/\/www.stomatoloskaordinacijaosmeh.com\/wp-content\/uploads\/2017\/12\/stomatoloska-ordinacija-osmeh-logo-lubenica.png);padding-top:264px\"><section class=\"map-content\"><div class=\"container\">[vc_row_inner][vc_column_inner width=&#8221;1\/2&#8243;][vc_custom_heading text=&#8221;Najnovije <strong>vesti<\/strong>&#8221; use_theme_fonts=&#8221;yes&#8221;]<div class=\"porto-recent-posts wpb_content_element  wpb_custom_8d967c2e2658a31efb9fd37ae26ff686\">\t<div class=\"post-carousel porto-carousel owl-carousel has-ccols ccols-1 ccols-xl-6 ccols-lg-2 ccols-md-1 ccols-sm-2 has-ccols-spacing\" data-plugin-options=\"{&quot;themeConfig&quot;:true,&quot;items&quot;:6,&quot;xl&quot;:6,&quot;lg&quot;:2,&quot;md&quot;:1,&quot;sm&quot;:2,&quot;margin&quot;:30}\">\r\n\t\t<div class=\"post-slide\">\t<div class=\"post-item\">\r\n\t\t\t\t<div class=\"post-date\">\r\n\t\t\t<span class=\"day\">13<\/span><span class=\"month\">Jan<\/span><time datetime=\"2016-01-13\">13. January 2016.<\/time>\t\t<\/div>\r\n\t\t\t\t\t\t<h4><a href=\"https:\/\/www.stomatoloskaordinacijaosmeh.com\/en\/aliquam-erat-volutpat\/\">Aliquam erat volutpat<\/a><\/h4>\r\n\t\t\t\t<p class=\"post-excerpt\">Quisque elementum nibh at dolor pellentesque, a eleifend libero pharetra. Mauris neque felis, volutpat nec ullamcorper eget, sagittis vel enim....  <a class=\"read-more\" href=\"https:\/\/www.stomatoloskaordinacijaosmeh.com\/en\/aliquam-erat-volutpat\/\">read more <i class=\"fas fa-angle-right\"><\/i><\/a><\/p>\t<\/div>\r\n<\/div><div class=\"post-slide\">\t<div class=\"post-item\">\r\n\t\t\t\t<div class=\"post-date\">\r\n\t\t\t<span class=\"day\">13<\/span><span class=\"month\">Jan<\/span><time datetime=\"2016-01-13\">13. January 2016.<\/time>\t\t<\/div>\r\n\t\t\t\t\t\t<h4><a href=\"https:\/\/www.stomatoloskaordinacijaosmeh.com\/en\/sed-elementum-massa-volutpat\/\">Sed elementum massa volutpat<\/a><\/h4>\r\n\t\t\t\t<p class=\"post-excerpt\">Quisque elementum nibh at dolor pellentesque, a eleifend libero pharetra. Mauris neque felis, volutpat nec ullamcorper eget, sagittis vel enim....  <a class=\"read-more\" href=\"https:\/\/www.stomatoloskaordinacijaosmeh.com\/en\/sed-elementum-massa-volutpat\/\">read more <i class=\"fas fa-angle-right\"><\/i><\/a><\/p>\t<\/div>\r\n<\/div>\t<\/div>\r\n\t<\/div>[\/vc_column_inner][vc_column_inner width=&#8221;1\/2&#8243;][vc_custom_heading text=&#8221;<strong>\u0160ta <\/strong> ka\u017eu o nama&#8221; use_theme_fonts=&#8221;yes&#8221;]<div class=\"porto-carousel owl-carousel has-ccols has-ccols-spacing ccols-xl-1 ccols-lg-1 ccols-md-1 ccols-sm-1 ccols-1 wpb_custom_f14028b029b090b1bd6149abeefafb18\" data-plugin-options=\"{&quot;themeConfig&quot;:true,&quot;stagePadding&quot;:0,&quot;margin&quot;:30,&quot;autoplay&quot;:&quot;yes&quot;,&quot;mouseDrag&quot;:true,&quot;touchDrag&quot;:true,&quot;autoplayTimeout&quot;:5000,&quot;autoplayHoverPause&quot;:false,&quot;items&quot;:1,&quot;xl&quot;:1,&quot;lg&quot;:1,&quot;md&quot;:1,&quot;sm&quot;:1,&quot;xs&quot;:1,&quot;nav&quot;:false,&quot;dots&quot;:&quot;yes&quot;,&quot;animateIn&quot;:&quot;&quot;,&quot;animateOut&quot;:&quot;&quot;,&quot;loop&quot;:&quot;yes&quot;,&quot;center&quot;:false,&quot;video&quot;:false,&quot;lazyLoad&quot;:false,&quot;fullscreen&quot;:false}\"><div class=\"porto-testimonial wpb_content_element   wpb_custom_4760b66c0cbf51ec9a7673f3785bca75\"><div class=\"testimonial\"><blockquote><p>Stomatoloska ordinacija Osmeh je najbolja ordinacija u Beogradu , sa najstrucnijim i neverovatno profesionalnim zubarima.<\/p><\/blockquote><div class=\"testimonial-arrow-down\"><\/div><div class=\"testimonial-author\"><div class=\"testimonial-author-thumbnail\"><img loading=\"lazy\" decoding=\"async\" src=\"https:\/\/www.stomatoloskaordinacijaosmeh.com\/wp-content\/uploads\/2017\/12\/klijent1.jpg\" alt=\"Dejan Stamenkovic\" class=\"img-circle\" width=\"120\" height=\"120\"><\/div><p><strong>Dejan Stamenkovic<\/strong><span><\/span><\/p><\/div><\/div><\/div><div class=\"porto-testimonial wpb_content_element   wpb_custom_4760b66c0cbf51ec9a7673f3785bca75\"><div class=\"testimonial\"><blockquote><p>Bavim se modelinkog i stomatoloska ordinacija Osmeh mi poma\u017ee da moj osmeh uvek bude savr\u0161en. Samo pohvale za celu ekipu iz Makedonska ulice&#8230;<\/p><\/blockquote><div class=\"testimonial-arrow-down\"><\/div><div class=\"testimonial-author\"><div class=\"testimonial-author-thumbnail\"><img loading=\"lazy\" decoding=\"async\" src=\"https:\/\/www.stomatoloskaordinacijaosmeh.com\/wp-content\/uploads\/2017\/12\/klijent2.jpg\" alt=\"Jelena \u017divi\u0107\" class=\"img-circle\" width=\"100\" height=\"100\"><\/div><p><strong>Jelena \u017divi\u0107<\/strong><span><\/span><\/p><\/div><\/div><\/div><\/div>[\/vc_column_inner][\/vc_row_inner]<\/div><\/section><\/div>[\/vc_column][\/vc_row]<\/p>\n<\/div>","protected":false},"excerpt":{"rendered":"<p>[vc_row wrap_container=&#8221;yes&#8221; el_class=&#8221;home-intro&#8221;][vc_column width=&#8221;3\/4&#8243; css=&#8221;.vc_custom_1727603674036{padding-top: 20px !important;padding-bottom: 20px !important;}&#8221; conditional_render=&#8221;%5B%7B%22value_role%22%3A%22administrator%22%7D%5D&#8221;][vc_column_text css=&#8221;&#8221; text_color=&#8221;#ffffff&#8221; el_class=&#8221;m-b-none&#8221; text_typography=&#8221;{&#8220;family&#8220;:&#8220;Default&#8220;,&#8220;variant&#8220;:&#8220;Default&#8220;,&#8220;font_size&#8220;:&#8220;30&#8220;,&#8220;line_height&#8220;:&#8220;&#8220;,&#8220;letter_spacing&#8220;:&#8220;&#8220;,&#8220;text_transform&#8220;:&#8220;&#8220;}&#8221;] Stomatolo\u0161ka ordinacija \u201cOsmeh\u201d u Beogradu osnovana je 2003. godine sa idejom stvaranja jednog toplog mesta gde \u0107e se u prijatnoj atmosferi re\u0161avati problemi oralnog zdravlja i stvarati neki novi lepi osmesi. \ufeff[\/vc_column_text][\/vc_column][vc_column width=&#8221;1\/4&#8243; el_class=&#8221;get-started&#8221;][vc_btn title=&#8221;Pozovite Nas&#8221; size=&#8221;lg&#8221; skin=&#8221;secondary&#8221; link=&#8221;url:tel%3A%2B381113229582|&#8221; el_class=&#8221;m-b-none&#8221;][\/vc_column][\/vc_row][vc_row wrap_container=&#8221;yes&#8221; [&hellip;]<\/p>\n","protected":false},"author":1,"featured_media":0,"parent":0,"menu_order":0,"comment_status":"closed","ping_status":"closed","template":"","meta":{"ngg_post_thumbnail":0,"footnotes":""},"class_list":["post-820","page","type-page","status-publish","hentry"],"yoast_head":"<!-- This site is optimized with the Yoast SEO plugin v26.5 - https:\/\/yoast.com\/wordpress\/plugins\/seo\/ -->\n<title>Home - Dental clinic Osmeh<\/title>\n<meta name=\"robots\" content=\"index, follow, max-snippet:-1, max-image-preview:large, max-video-preview:-1\" \/>\n<link rel=\"canonical\" href=\"https:\/\/www.stomatoloskaordinacijaosmeh.com\/\" \/>\n<meta property=\"og:locale\" content=\"en_US\" \/>\n<meta property=\"og:type\" content=\"article\" \/>\n<meta property=\"og:title\" content=\"Home - Dental clinic Osmeh\" \/>\n<meta property=\"og:description\" content=\"[vc_row wrap_container=&#8221;yes&#8221; el_class=&#8221;home-intro&#8221;][vc_column width=&#8221;3\/4&#8243; css=&#8221;.vc_custom_1727603674036{padding-top: 20px !important;padding-bottom: 20px !important;}&#8221; conditional_render=&#8221;%5B%7B%22value_role%22%3A%22administrator%22%7D%5D&#8221;][vc_column_text css=&#8221;&#8221; text_color=&#8221;#ffffff&#8221; el_class=&#8221;m-b-none&#8221; text_typography=&#8221;{&#8220;family&#8220;:&#8220;Default&#8220;,&#8220;variant&#8220;:&#8220;Default&#8220;,&#8220;font_size&#8220;:&#8220;30&#8220;,&#8220;line_height&#8220;:&#8220;&#8220;,&#8220;letter_spacing&#8220;:&#8220;&#8220;,&#8220;text_transform&#8220;:&#8220;&#8220;}&#8221;] Stomatolo\u0161ka ordinacija \u201cOsmeh\u201d u Beogradu osnovana je 2003. godine sa idejom stvaranja jednog toplog mesta gde \u0107e se u prijatnoj atmosferi re\u0161avati problemi oralnog zdravlja i stvarati neki novi lepi osmesi. \ufeff[\/vc_column_text][\/vc_column][vc_column width=&#8221;1\/4&#8243; el_class=&#8221;get-started&#8221;][vc_btn title=&#8221;Pozovite Nas&#8221; size=&#8221;lg&#8221; skin=&#8221;secondary&#8221; link=&#8221;url:tel%3A%2B381113229582|&#8221; el_class=&#8221;m-b-none&#8221;][\/vc_column][\/vc_row][vc_row wrap_container=&#8221;yes&#8221; [&hellip;]\" \/>\n<meta property=\"og:url\" content=\"https:\/\/www.stomatoloskaordinacijaosmeh.com\/\" \/>\n<meta property=\"og:site_name\" content=\"Dental clinic Osmeh\" \/>\n<meta property=\"article:publisher\" content=\"https:\/\/www.facebook.com\/Stomatolo%c5%a1ka-ordinacija-Osmeh-Beograd-492223237826660\/\" \/>\n<meta property=\"article:modified_time\" content=\"2024-09-29T09:55:44+00:00\" \/>\n<meta name=\"twitter:card\" content=\"summary_large_image\" \/>\n<meta name=\"twitter:label1\" content=\"Est. reading time\" \/>\n\t<meta name=\"twitter:data1\" content=\"5 minutes\" \/>\n<script type=\"application\/ld+json\" class=\"yoast-schema-graph\">{\"@context\":\"https:\/\/schema.org\",\"@graph\":[{\"@type\":\"WebPage\",\"@id\":\"https:\/\/www.stomatoloskaordinacijaosmeh.com\/\",\"url\":\"https:\/\/www.stomatoloskaordinacijaosmeh.com\/\",\"name\":\"Home - Dental clinic Osmeh\",\"isPartOf\":{\"@id\":\"https:\/\/www.stomatoloskaordinacijaosmeh.com\/#website\"},\"datePublished\":\"2016-06-20T05:48:11+00:00\",\"dateModified\":\"2024-09-29T09:55:44+00:00\",\"breadcrumb\":{\"@id\":\"https:\/\/www.stomatoloskaordinacijaosmeh.com\/#breadcrumb\"},\"inLanguage\":\"en-US\",\"potentialAction\":[{\"@type\":\"ReadAction\",\"target\":[\"https:\/\/www.stomatoloskaordinacijaosmeh.com\/\"]}]},{\"@type\":\"BreadcrumbList\",\"@id\":\"https:\/\/www.stomatoloskaordinacijaosmeh.com\/#breadcrumb\",\"itemListElement\":[{\"@type\":\"ListItem\",\"position\":1,\"name\":\"Po\u010detna\",\"item\":\"https:\/\/www.stomatoloskaordinacijaosmeh.com\/\"},{\"@type\":\"ListItem\",\"position\":2,\"name\":\"Home\"}]},{\"@type\":\"WebSite\",\"@id\":\"https:\/\/www.stomatoloskaordinacijaosmeh.com\/#website\",\"url\":\"https:\/\/www.stomatoloskaordinacijaosmeh.com\/\",\"name\":\"Dental clinic Osmeh\",\"description\":\"Stomatoloska ordinacija Beograd\",\"potentialAction\":[{\"@type\":\"SearchAction\",\"target\":{\"@type\":\"EntryPoint\",\"urlTemplate\":\"https:\/\/www.stomatoloskaordinacijaosmeh.com\/?s={search_term_string}\"},\"query-input\":{\"@type\":\"PropertyValueSpecification\",\"valueRequired\":true,\"valueName\":\"search_term_string\"}}],\"inLanguage\":\"en-US\"}]}<\/script>\n<!-- \/ Yoast SEO plugin. -->","yoast_head_json":{"title":"Home - Dental clinic Osmeh","robots":{"index":"index","follow":"follow","max-snippet":"max-snippet:-1","max-image-preview":"max-image-preview:large","max-video-preview":"max-video-preview:-1"},"canonical":"https:\/\/www.stomatoloskaordinacijaosmeh.com\/","og_locale":"en_US","og_type":"article","og_title":"Home - Dental clinic Osmeh","og_description":"[vc_row wrap_container=&#8221;yes&#8221; el_class=&#8221;home-intro&#8221;][vc_column width=&#8221;3\/4&#8243; css=&#8221;.vc_custom_1727603674036{padding-top: 20px !important;padding-bottom: 20px !important;}&#8221; conditional_render=&#8221;%5B%7B%22value_role%22%3A%22administrator%22%7D%5D&#8221;][vc_column_text css=&#8221;&#8221; text_color=&#8221;#ffffff&#8221; el_class=&#8221;m-b-none&#8221; text_typography=&#8221;{&#8220;family&#8220;:&#8220;Default&#8220;,&#8220;variant&#8220;:&#8220;Default&#8220;,&#8220;font_size&#8220;:&#8220;30&#8220;,&#8220;line_height&#8220;:&#8220;&#8220;,&#8220;letter_spacing&#8220;:&#8220;&#8220;,&#8220;text_transform&#8220;:&#8220;&#8220;}&#8221;] Stomatolo\u0161ka ordinacija \u201cOsmeh\u201d u Beogradu osnovana je 2003. godine sa idejom stvaranja jednog toplog mesta gde \u0107e se u prijatnoj atmosferi re\u0161avati problemi oralnog zdravlja i stvarati neki novi lepi osmesi. \ufeff[\/vc_column_text][\/vc_column][vc_column width=&#8221;1\/4&#8243; el_class=&#8221;get-started&#8221;][vc_btn title=&#8221;Pozovite Nas&#8221; size=&#8221;lg&#8221; skin=&#8221;secondary&#8221; link=&#8221;url:tel%3A%2B381113229582|&#8221; el_class=&#8221;m-b-none&#8221;][\/vc_column][\/vc_row][vc_row wrap_container=&#8221;yes&#8221; [&hellip;]","og_url":"https:\/\/www.stomatoloskaordinacijaosmeh.com\/","og_site_name":"Dental clinic Osmeh","article_publisher":"https:\/\/www.facebook.com\/Stomatolo%c5%a1ka-ordinacija-Osmeh-Beograd-492223237826660\/","article_modified_time":"2024-09-29T09:55:44+00:00","twitter_card":"summary_large_image","twitter_misc":{"Est. reading time":"5 minutes"},"schema":{"@context":"https:\/\/schema.org","@graph":[{"@type":"WebPage","@id":"https:\/\/www.stomatoloskaordinacijaosmeh.com\/","url":"https:\/\/www.stomatoloskaordinacijaosmeh.com\/","name":"Home - Dental clinic Osmeh","isPartOf":{"@id":"https:\/\/www.stomatoloskaordinacijaosmeh.com\/#website"},"datePublished":"2016-06-20T05:48:11+00:00","dateModified":"2024-09-29T09:55:44+00:00","breadcrumb":{"@id":"https:\/\/www.stomatoloskaordinacijaosmeh.com\/#breadcrumb"},"inLanguage":"en-US","potentialAction":[{"@type":"ReadAction","target":["https:\/\/www.stomatoloskaordinacijaosmeh.com\/"]}]},{"@type":"BreadcrumbList","@id":"https:\/\/www.stomatoloskaordinacijaosmeh.com\/#breadcrumb","itemListElement":[{"@type":"ListItem","position":1,"name":"Po\u010detna","item":"https:\/\/www.stomatoloskaordinacijaosmeh.com\/"},{"@type":"ListItem","position":2,"name":"Home"}]},{"@type":"WebSite","@id":"https:\/\/www.stomatoloskaordinacijaosmeh.com\/#website","url":"https:\/\/www.stomatoloskaordinacijaosmeh.com\/","name":"Dental clinic Osmeh","description":"Stomatoloska ordinacija Beograd","potentialAction":[{"@type":"SearchAction","target":{"@type":"EntryPoint","urlTemplate":"https:\/\/www.stomatoloskaordinacijaosmeh.com\/?s={search_term_string}"},"query-input":{"@type":"PropertyValueSpecification","valueRequired":true,"valueName":"search_term_string"}}],"inLanguage":"en-US"}]}},"_links":{"self":[{"href":"https:\/\/www.stomatoloskaordinacijaosmeh.com\/en\/wp-json\/wp\/v2\/pages\/820","targetHints":{"allow":["GET"]}}],"collection":[{"href":"https:\/\/www.stomatoloskaordinacijaosmeh.com\/en\/wp-json\/wp\/v2\/pages"}],"about":[{"href":"https:\/\/www.stomatoloskaordinacijaosmeh.com\/en\/wp-json\/wp\/v2\/types\/page"}],"author":[{"embeddable":true,"href":"https:\/\/www.stomatoloskaordinacijaosmeh.com\/en\/wp-json\/wp\/v2\/users\/1"}],"replies":[{"embeddable":true,"href":"https:\/\/www.stomatoloskaordinacijaosmeh.com\/en\/wp-json\/wp\/v2\/comments?post=820"}],"version-history":[{"count":9,"href":"https:\/\/www.stomatoloskaordinacijaosmeh.com\/en\/wp-json\/wp\/v2\/pages\/820\/revisions"}],"predecessor-version":[{"id":1347,"href":"https:\/\/www.stomatoloskaordinacijaosmeh.com\/en\/wp-json\/wp\/v2\/pages\/820\/revisions\/1347"}],"wp:attachment":[{"href":"https:\/\/www.stomatoloskaordinacijaosmeh.com\/en\/wp-json\/wp\/v2\/media?parent=820"}],"curies":[{"name":"wp","href":"https:\/\/api.w.org\/{rel}","templated":true}]}}